{"id":4077,"date":"2025-11-23T16:45:05","date_gmt":"2025-11-23T16:45:05","guid":{"rendered":"https:\/\/www.meierenergy.com\/?post_type=product&#038;p=4077"},"modified":"2025-11-23T16:46:38","modified_gmt":"2025-11-23T16:46:38","slug":"cmm-43","status":"publish","type":"product","link":"https:\/\/www.meierenergy.com\/en\/produit\/cmm-43\/","title":{"rendered":"CMM-43<br> <span class='subtitle'>Centrale de mesure triphas\u00e9e multifonctions CMMR43<\/span>"},"content":{"rendered":"<p>La centrale de mesure triphas\u00e9e multifonctions CMMR43 est un disposition avanc\u00e9 con\u00e7u pour la surveillance et l&#8217;analyse des r\u00e9seaux \u00e9lectriques en temps r\u00e9el. Compatible avec les transformateur de courant (CT) traditionnels et les bobines de Rogowski et noyau ouvert, elle permet one installation sans interruption du r\u00e9seau, supprimant ainsi la n\u00e9cessit\u00e9 de d\u00e9monter les c\u00e2bles, ce qui simplifie la prise en service et r\u00e9duit les co\u00fbts d&#8217;intervention.<br \/>\nLa centrale de mesure CMMR43 prend en charge les r\u00e9seaux monophas\u00e9s et triphas\u00e9s et assure la mesure pr\u00e9cise de tons les param\u00e8tres \u00e9lectriques essentiels, notamment le courant, la tension, la puissance active et r\u00e9active, le facteur de puissance, les harmoniques, la fr\u00e9quence et l&#8217;\u00e9nergie consomm\u00e9s sur chaque phase (L1, L2. L3).<br \/>\nDot\u00e9e d&#8217;un port de communication RS485Modbus, cette centrale de mesure triphas\u00e9e multifonctions s&#8217;int\u00e8gre facilement aux syst\u00e8mes de gestion de l&#8217;\u00e9nergie (EMS) et aux plateformes de supervision industrielle, permettant ainsi un suivi optimal des performances du r\u00e9seau \u00e9lectrique. Grace \u00e0 sa conception compacts et son \u00e9cran en couleur et son montage sur rail DIN. le CMMR43 est one solution id\u00e9ale pour les installations nouvelles et existantes, offrant one surveillance liable et one optimisation de la qualit\u00e9 de l&#8217;\u00e9nergie \u00e9lectrique sans interruption du service.<\/p>\n","protected":false},"excerpt":{"rendered":"<p>La centrale de mesure triphas\u00e9e multifonctions CMMR43 est un disposition  [&#8230;]<\/p>\n","protected":false},"featured_media":4078,"template":"","meta":{"_acf_changed":false},"product_brand":[],"product_cat":[15],"product_tag":[],"class_list":{"0":"post-4077","1":"product","2":"type-product","3":"status-publish","4":"has-post-thumbnail","6":"product_cat-non-classe","8":"first","9":"instock","10":"shipping-taxable","11":"product-type-simple"},"acf":[],"yoast_head":"<!-- This site is optimized with the Yoast SEO plugin v24.9 - https:\/\/yoast.com\/wordpress\/plugins\/seo\/ -->\n<title>CMM-43 - Meier Energy<\/title>\n<meta name=\"robots\" content=\"index, follow, max-snippet:-1, max-image-preview:large, max-video-preview:-1\" \/>\n<link rel=\"canonical\" href=\"https:\/\/www.meierenergy.com\/en\/produit\/cmm-43\/\" \/>\n<meta property=\"og:locale\" content=\"en_US\" \/>\n<meta property=\"og:type\" content=\"article\" \/>\n<meta property=\"og:title\" content=\"CMM-43 - Meier Energy\" \/>\n<meta property=\"og:description\" content=\"La centrale de mesure triphas\u00e9e multifonctions CMMR43 est un disposition [...]\" \/>\n<meta property=\"og:url\" content=\"https:\/\/www.meierenergy.com\/en\/produit\/cmm-43\/\" \/>\n<meta property=\"og:site_name\" content=\"Meier Energy\" \/>\n<meta property=\"article:publisher\" content=\"https:\/\/www.facebook.com\/Meierenergy\" \/>\n<meta property=\"article:modified_time\" content=\"2025-11-23T16:46:38+00:00\" \/>\n<meta property=\"og:image\" content=\"https:\/\/www.meierenergy.com\/wp-content\/uploads\/2025\/11\/1-4-1.png\" \/>\n\t<meta property=\"og:image:width\" content=\"2381\" \/>\n\t<meta property=\"og:image:height\" content=\"2264\" \/>\n\t<meta property=\"og:image:type\" content=\"image\/png\" \/>\n<meta name=\"twitter:card\" content=\"summary_large_image\" \/>\n<meta name=\"twitter:site\" content=\"@meierenergy\" \/>\n<meta name=\"twitter:label1\" content=\"Est. reading time\" \/>\n\t<meta name=\"twitter:data1\" content=\"2 minutes\" \/>\n<script type=\"application\/ld+json\" class=\"yoast-schema-graph\">{\"@context\":\"https:\/\/schema.org\",\"@graph\":[{\"@type\":\"WebPage\",\"@id\":\"https:\/\/www.meierenergy.com\/en\/produit\/cmm-43\/\",\"url\":\"https:\/\/www.meierenergy.com\/en\/produit\/cmm-43\/\",\"name\":\"CMM-43 - Meier Energy\",\"isPartOf\":{\"@id\":\"https:\/\/www.meierenergy.com\/en\/#website\"},\"primaryImageOfPage\":{\"@id\":\"https:\/\/www.meierenergy.com\/en\/produit\/cmm-43\/#primaryimage\"},\"image\":{\"@id\":\"https:\/\/www.meierenergy.com\/en\/produit\/cmm-43\/#primaryimage\"},\"thumbnailUrl\":\"https:\/\/www.meierenergy.com\/wp-content\/uploads\/2025\/11\/1-4-1.png\",\"datePublished\":\"2025-11-23T16:45:05+00:00\",\"dateModified\":\"2025-11-23T16:46:38+00:00\",\"breadcrumb\":{\"@id\":\"https:\/\/www.meierenergy.com\/en\/produit\/cmm-43\/#breadcrumb\"},\"inLanguage\":\"en-US\",\"potentialAction\":[{\"@type\":\"ReadAction\",\"target\":[\"https:\/\/www.meierenergy.com\/en\/produit\/cmm-43\/\"]}]},{\"@type\":\"ImageObject\",\"inLanguage\":\"en-US\",\"@id\":\"https:\/\/www.meierenergy.com\/en\/produit\/cmm-43\/#primaryimage\",\"url\":\"https:\/\/www.meierenergy.com\/wp-content\/uploads\/2025\/11\/1-4-1.png\",\"contentUrl\":\"https:\/\/www.meierenergy.com\/wp-content\/uploads\/2025\/11\/1-4-1.png\",\"width\":2381,\"height\":2264},{\"@type\":\"BreadcrumbList\",\"@id\":\"https:\/\/www.meierenergy.com\/en\/produit\/cmm-43\/#breadcrumb\",\"itemListElement\":[{\"@type\":\"ListItem\",\"position\":1,\"name\":\"Accueil\",\"item\":\"https:\/\/www.meierenergy.com\/en\/\"},{\"@type\":\"ListItem\",\"position\":2,\"name\":\"Products\",\"item\":\"https:\/\/www.meierenergy.com\/en\/shop\/\"},{\"@type\":\"ListItem\",\"position\":3,\"name\":\"CMM-43\"}]},{\"@type\":\"WebSite\",\"@id\":\"https:\/\/www.meierenergy.com\/en\/#website\",\"url\":\"https:\/\/www.meierenergy.com\/en\/\",\"name\":\"Meier Energy\",\"description\":\"The Future is Electric\",\"publisher\":{\"@id\":\"https:\/\/www.meierenergy.com\/en\/#organization\"},\"potentialAction\":[{\"@type\":\"SearchAction\",\"target\":{\"@type\":\"EntryPoint\",\"urlTemplate\":\"https:\/\/www.meierenergy.com\/en\/?s={search_term_string}\"},\"query-input\":{\"@type\":\"PropertyValueSpecification\",\"valueRequired\":true,\"valueName\":\"search_term_string\"}}],\"inLanguage\":\"en-US\"},{\"@type\":\"Organization\",\"@id\":\"https:\/\/www.meierenergy.com\/en\/#organization\",\"name\":\"Meier Energy\",\"url\":\"https:\/\/www.meierenergy.com\/en\/\",\"logo\":{\"@type\":\"ImageObject\",\"inLanguage\":\"en-US\",\"@id\":\"https:\/\/www.meierenergy.com\/en\/#\/schema\/logo\/image\/\",\"url\":\"https:\/\/www.meierenergy.com\/wp-content\/uploads\/2024\/11\/Logo_Meier-v2.webp\",\"contentUrl\":\"https:\/\/www.meierenergy.com\/wp-content\/uploads\/2024\/11\/Logo_Meier-v2.webp\",\"width\":328,\"height\":80,\"caption\":\"Meier Energy\"},\"image\":{\"@id\":\"https:\/\/www.meierenergy.com\/en\/#\/schema\/logo\/image\/\"},\"sameAs\":[\"https:\/\/www.facebook.com\/Meierenergy\",\"https:\/\/x.com\/meierenergy\",\"https:\/\/www.linkedin.com\/company\/meier-energy\",\"https:\/\/www.youtube.com\/channel\/UCQw1lPOmgfBE_nrs3sc--VA\",\"https:\/\/www.tiktok.com\/@meierenergy?lang=fr\",\"https:\/\/www.instagram.com\/meierenergy\/\"]}]}<\/script>\n<!-- \/ Yoast SEO plugin. -->","yoast_head_json":{"title":"CMM-43 - Meier Energy","robots":{"index":"index","follow":"follow","max-snippet":"max-snippet:-1","max-image-preview":"max-image-preview:large","max-video-preview":"max-video-preview:-1"},"canonical":"https:\/\/www.meierenergy.com\/en\/produit\/cmm-43\/","og_locale":"en_US","og_type":"article","og_title":"CMM-43 - Meier Energy","og_description":"La centrale de mesure triphas\u00e9e multifonctions CMMR43 est un disposition [...]","og_url":"https:\/\/www.meierenergy.com\/en\/produit\/cmm-43\/","og_site_name":"Meier Energy","article_publisher":"https:\/\/www.facebook.com\/Meierenergy","article_modified_time":"2025-11-23T16:46:38+00:00","og_image":[{"width":2381,"height":2264,"url":"https:\/\/www.meierenergy.com\/wp-content\/uploads\/2025\/11\/1-4-1.png","type":"image\/png"}],"twitter_card":"summary_large_image","twitter_site":"@meierenergy","twitter_misc":{"Est. reading time":"2 minutes"},"schema":{"@context":"https:\/\/schema.org","@graph":[{"@type":"WebPage","@id":"https:\/\/www.meierenergy.com\/en\/produit\/cmm-43\/","url":"https:\/\/www.meierenergy.com\/en\/produit\/cmm-43\/","name":"CMM-43 - Meier Energy","isPartOf":{"@id":"https:\/\/www.meierenergy.com\/en\/#website"},"primaryImageOfPage":{"@id":"https:\/\/www.meierenergy.com\/en\/produit\/cmm-43\/#primaryimage"},"image":{"@id":"https:\/\/www.meierenergy.com\/en\/produit\/cmm-43\/#primaryimage"},"thumbnailUrl":"https:\/\/www.meierenergy.com\/wp-content\/uploads\/2025\/11\/1-4-1.png","datePublished":"2025-11-23T16:45:05+00:00","dateModified":"2025-11-23T16:46:38+00:00","breadcrumb":{"@id":"https:\/\/www.meierenergy.com\/en\/produit\/cmm-43\/#breadcrumb"},"inLanguage":"en-US","potentialAction":[{"@type":"ReadAction","target":["https:\/\/www.meierenergy.com\/en\/produit\/cmm-43\/"]}]},{"@type":"ImageObject","inLanguage":"en-US","@id":"https:\/\/www.meierenergy.com\/en\/produit\/cmm-43\/#primaryimage","url":"https:\/\/www.meierenergy.com\/wp-content\/uploads\/2025\/11\/1-4-1.png","contentUrl":"https:\/\/www.meierenergy.com\/wp-content\/uploads\/2025\/11\/1-4-1.png","width":2381,"height":2264},{"@type":"BreadcrumbList","@id":"https:\/\/www.meierenergy.com\/en\/produit\/cmm-43\/#breadcrumb","itemListElement":[{"@type":"ListItem","position":1,"name":"Accueil","item":"https:\/\/www.meierenergy.com\/en\/"},{"@type":"ListItem","position":2,"name":"Products","item":"https:\/\/www.meierenergy.com\/en\/shop\/"},{"@type":"ListItem","position":3,"name":"CMM-43"}]},{"@type":"WebSite","@id":"https:\/\/www.meierenergy.com\/en\/#website","url":"https:\/\/www.meierenergy.com\/en\/","name":"Meier Energy","description":"The Future is Electric","publisher":{"@id":"https:\/\/www.meierenergy.com\/en\/#organization"},"potentialAction":[{"@type":"SearchAction","target":{"@type":"EntryPoint","urlTemplate":"https:\/\/www.meierenergy.com\/en\/?s={search_term_string}"},"query-input":{"@type":"PropertyValueSpecification","valueRequired":true,"valueName":"search_term_string"}}],"inLanguage":"en-US"},{"@type":"Organization","@id":"https:\/\/www.meierenergy.com\/en\/#organization","name":"Meier Energy","url":"https:\/\/www.meierenergy.com\/en\/","logo":{"@type":"ImageObject","inLanguage":"en-US","@id":"https:\/\/www.meierenergy.com\/en\/#\/schema\/logo\/image\/","url":"https:\/\/www.meierenergy.com\/wp-content\/uploads\/2024\/11\/Logo_Meier-v2.webp","contentUrl":"https:\/\/www.meierenergy.com\/wp-content\/uploads\/2024\/11\/Logo_Meier-v2.webp","width":328,"height":80,"caption":"Meier Energy"},"image":{"@id":"https:\/\/www.meierenergy.com\/en\/#\/schema\/logo\/image\/"},"sameAs":["https:\/\/www.facebook.com\/Meierenergy","https:\/\/x.com\/meierenergy","https:\/\/www.linkedin.com\/company\/meier-energy","https:\/\/www.youtube.com\/channel\/UCQw1lPOmgfBE_nrs3sc--VA","https:\/\/www.tiktok.com\/@meierenergy?lang=fr","https:\/\/www.instagram.com\/meierenergy\/"]}]}},"_links":{"self":[{"href":"https:\/\/www.meierenergy.com\/en\/wp-json\/wp\/v2\/product\/4077","targetHints":{"allow":["GET"]}}],"collection":[{"href":"https:\/\/www.meierenergy.com\/en\/wp-json\/wp\/v2\/product"}],"about":[{"href":"https:\/\/www.meierenergy.com\/en\/wp-json\/wp\/v2\/types\/product"}],"wp:featuredmedia":[{"embeddable":true,"href":"https:\/\/www.meierenergy.com\/en\/wp-json\/wp\/v2\/media\/4078"}],"wp:attachment":[{"href":"https:\/\/www.meierenergy.com\/en\/wp-json\/wp\/v2\/media?parent=4077"}],"wp:term":[{"taxonomy":"product_brand","embeddable":true,"href":"https:\/\/www.meierenergy.com\/en\/wp-json\/wp\/v2\/product_brand?post=4077"},{"taxonomy":"product_cat","embeddable":true,"href":"https:\/\/www.meierenergy.com\/en\/wp-json\/wp\/v2\/product_cat?post=4077"},{"taxonomy":"product_tag","embeddable":true,"href":"https:\/\/www.meierenergy.com\/en\/wp-json\/wp\/v2\/product_tag?post=4077"}],"curies":[{"name":"wp","href":"https:\/\/api.w.org\/{rel}","templated":true}]}}