{"id":1625,"date":"2024-04-13T18:50:10","date_gmt":"2024-04-13T18:50:10","guid":{"rendered":"https:\/\/www.meierenergy.com\/?post_type=product&#038;p=1625"},"modified":"2024-11-01T22:24:16","modified_gmt":"2024-11-01T22:24:16","slug":"activsine-active-harmonic-filter-copie","status":"publish","type":"product","link":"https:\/\/www.meierenergy.com\/en\/product\/activsine-active-harmonic-filter-copie\/","title":{"rendered":"VARSINE\u00ae<br> <span class='subtitle'>Static Reactive Power Generator<\/span>"},"content":{"rendered":"<div class=\"fusion-fullwidth fullwidth-box fusion-builder-row-1 fusion-flex-container has-pattern-background has-mask-background nonhundred-percent-fullwidth non-hundred-percent-height-scrolling\" style=\"--awb-border-radius-top-left:0px;--awb-border-radius-top-right:0px;--awb-border-radius-bottom-right:0px;--awb-border-radius-bottom-left:0px;--awb-margin-bottom:64px;--awb-flex-wrap:wrap;\" ><div class=\"fusion-builder-row fusion-row fusion-flex-align-items-flex-start fusion-flex-content-wrap\" style=\"max-width:1248px;margin-left: calc(-4% \/ 2 );margin-right: calc(-4% \/ 2 );\"><div class=\"fusion-layout-column fusion_builder_column fusion-builder-column-0 fusion_builder_column_1_1 1_1 fusion-flex-column\" style=\"--awb-bg-size:cover;--awb-width-large:100%;--awb-margin-top-large:0px;--awb-spacing-right-large:1.92%;--awb-margin-bottom-large:20px;--awb-spacing-left-large:1.92%;--awb-width-medium:100%;--awb-order-medium:0;--awb-spacing-right-medium:1.92%;--awb-spacing-left-medium:1.92%;--awb-width-small:100%;--awb-order-small:0;--awb-spacing-right-small:1.92%;--awb-spacing-left-small:1.92%;\"><div class=\"fusion-column-wrapper fusion-column-has-shadow fusion-flex-justify-content-flex-start fusion-content-layout-column\"><div class=\"fusion-text fusion-text-1\"><p style=\"text-align: justify;\">The VARSine\u00ae Series Static Reactive Power Compensator operates on a three-level topology circuit. In addition to improving power factor, it provides energy quality solutions such as harmonic elimination and load balancing. It&#8217;s available in three versions: a wall-mounted enclosure version, ranging from 20kVAR to 100kVAR, a rack-mountable version for installation in standard 19&#8221; cabinets, ranging from 20kVAR to 100kVAR, and a cabinet version, ranging from 100kVAR to 400kVAR.<\/p>\n<p style=\"text-align: justify;\">Its modular design allows users to easily achieve the desired reactive power by connecting up to 20 modules in parallel.<\/p>\n<\/div><\/div><\/div><\/div><\/div>\n","protected":false},"excerpt":{"rendered":"","protected":false},"featured_media":4408,"template":"","meta":{"_acf_changed":false},"product_brand":[],"product_cat":[200],"product_tag":[],"class_list":{"0":"post-1625","1":"product","2":"type-product","3":"status-publish","4":"has-post-thumbnail","6":"product_cat-active-filters","8":"first","9":"instock","10":"featured","11":"shipping-taxable","12":"product-type-simple"},"acf":[],"yoast_head":"<!-- This site is optimized with the Yoast SEO plugin v24.9 - https:\/\/yoast.com\/wordpress\/plugins\/seo\/ -->\n<title>VARSine\u00ae \u2013 Static Reactive Power Generator - Meier Energy<\/title>\n<meta name=\"robots\" content=\"index, follow, max-snippet:-1, max-image-preview:large, max-video-preview:-1\" \/>\n<link rel=\"canonical\" href=\"https:\/\/www.meierenergy.com\/en\/product\/activsine-active-harmonic-filter-copie\/\" \/>\n<meta property=\"og:locale\" content=\"en_US\" \/>\n<meta property=\"og:type\" content=\"article\" \/>\n<meta property=\"og:title\" content=\"VARSine\u00ae \u2013 Static Reactive Power Generator - Meier Energy\" \/>\n<meta property=\"og:url\" content=\"https:\/\/www.meierenergy.com\/en\/product\/activsine-active-harmonic-filter-copie\/\" \/>\n<meta property=\"og:site_name\" content=\"Meier Energy\" \/>\n<meta property=\"article:publisher\" content=\"https:\/\/www.facebook.com\/Meierenergy\" \/>\n<meta property=\"article:modified_time\" content=\"2024-11-01T22:24:16+00:00\" \/>\n<meta property=\"og:image\" content=\"https:\/\/www.meierenergy.com\/wp-content\/uploads\/2024\/04\/Cover-SVGONE.jpg\" \/>\n\t<meta property=\"og:image:width\" content=\"709\" \/>\n\t<meta property=\"og:image:height\" content=\"1181\" \/>\n\t<meta property=\"og:image:type\" content=\"image\/jpeg\" \/>\n<meta name=\"twitter:card\" content=\"summary_large_image\" \/>\n<meta name=\"twitter:site\" content=\"@meierenergy\" \/>\n<meta name=\"twitter:label1\" content=\"Est. reading time\" \/>\n\t<meta name=\"twitter:data1\" content=\"3 minutes\" \/>\n<script type=\"application\/ld+json\" class=\"yoast-schema-graph\">{\"@context\":\"https:\/\/schema.org\",\"@graph\":[{\"@type\":\"WebPage\",\"@id\":\"https:\/\/www.meierenergy.com\/en\/product\/activsine-active-harmonic-filter-copie\/\",\"url\":\"https:\/\/www.meierenergy.com\/en\/product\/activsine-active-harmonic-filter-copie\/\",\"name\":\"VARSine\u00ae \u2013 Static Reactive Power Generator - Meier Energy\",\"isPartOf\":{\"@id\":\"https:\/\/www.meierenergy.com\/en\/#website\"},\"primaryImageOfPage\":{\"@id\":\"https:\/\/www.meierenergy.com\/en\/product\/activsine-active-harmonic-filter-copie\/#primaryimage\"},\"image\":{\"@id\":\"https:\/\/www.meierenergy.com\/en\/product\/activsine-active-harmonic-filter-copie\/#primaryimage\"},\"thumbnailUrl\":\"https:\/\/www.meierenergy.com\/wp-content\/uploads\/2024\/04\/Cover-SVGONE.jpg\",\"datePublished\":\"2024-04-13T18:50:10+00:00\",\"dateModified\":\"2024-11-01T22:24:16+00:00\",\"breadcrumb\":{\"@id\":\"https:\/\/www.meierenergy.com\/en\/product\/activsine-active-harmonic-filter-copie\/#breadcrumb\"},\"inLanguage\":\"en-US\",\"potentialAction\":[{\"@type\":\"ReadAction\",\"target\":[\"https:\/\/www.meierenergy.com\/en\/product\/activsine-active-harmonic-filter-copie\/\"]}]},{\"@type\":\"ImageObject\",\"inLanguage\":\"en-US\",\"@id\":\"https:\/\/www.meierenergy.com\/en\/product\/activsine-active-harmonic-filter-copie\/#primaryimage\",\"url\":\"https:\/\/www.meierenergy.com\/wp-content\/uploads\/2024\/04\/Cover-SVGONE.jpg\",\"contentUrl\":\"https:\/\/www.meierenergy.com\/wp-content\/uploads\/2024\/04\/Cover-SVGONE.jpg\",\"width\":709,\"height\":1181,\"caption\":\"g\u00e9n\u00e9rateur statique \u00e9nergie r\u00e9active VARSine Meier Energy\"},{\"@type\":\"BreadcrumbList\",\"@id\":\"https:\/\/www.meierenergy.com\/en\/product\/activsine-active-harmonic-filter-copie\/#breadcrumb\",\"itemListElement\":[{\"@type\":\"ListItem\",\"position\":1,\"name\":\"Accueil\",\"item\":\"https:\/\/www.meierenergy.com\/en\/\"},{\"@type\":\"ListItem\",\"position\":2,\"name\":\"Products\",\"item\":\"https:\/\/www.meierenergy.com\/en\/shop\/\"},{\"@type\":\"ListItem\",\"position\":3,\"name\":\"VARSine\u00ae \u2013 Static Reactive Power Generator\"}]},{\"@type\":\"WebSite\",\"@id\":\"https:\/\/www.meierenergy.com\/en\/#website\",\"url\":\"https:\/\/www.meierenergy.com\/en\/\",\"name\":\"Meier Energy\",\"description\":\"The Future is Electric\",\"publisher\":{\"@id\":\"https:\/\/www.meierenergy.com\/en\/#organization\"},\"potentialAction\":[{\"@type\":\"SearchAction\",\"target\":{\"@type\":\"EntryPoint\",\"urlTemplate\":\"https:\/\/www.meierenergy.com\/en\/?s={search_term_string}\"},\"query-input\":{\"@type\":\"PropertyValueSpecification\",\"valueRequired\":true,\"valueName\":\"search_term_string\"}}],\"inLanguage\":\"en-US\"},{\"@type\":\"Organization\",\"@id\":\"https:\/\/www.meierenergy.com\/en\/#organization\",\"name\":\"Meier Energy\",\"url\":\"https:\/\/www.meierenergy.com\/en\/\",\"logo\":{\"@type\":\"ImageObject\",\"inLanguage\":\"en-US\",\"@id\":\"https:\/\/www.meierenergy.com\/en\/#\/schema\/logo\/image\/\",\"url\":\"https:\/\/www.meierenergy.com\/wp-content\/uploads\/2024\/11\/Logo_Meier-v2.webp\",\"contentUrl\":\"https:\/\/www.meierenergy.com\/wp-content\/uploads\/2024\/11\/Logo_Meier-v2.webp\",\"width\":328,\"height\":80,\"caption\":\"Meier Energy\"},\"image\":{\"@id\":\"https:\/\/www.meierenergy.com\/en\/#\/schema\/logo\/image\/\"},\"sameAs\":[\"https:\/\/www.facebook.com\/Meierenergy\",\"https:\/\/x.com\/meierenergy\",\"https:\/\/www.linkedin.com\/company\/meier-energy\",\"https:\/\/www.youtube.com\/channel\/UCQw1lPOmgfBE_nrs3sc--VA\",\"https:\/\/www.tiktok.com\/@meierenergy?lang=fr\",\"https:\/\/www.instagram.com\/meierenergy\/\"]}]}<\/script>\n<!-- \/ Yoast SEO plugin. -->","yoast_head_json":{"title":"VARSine\u00ae \u2013 Static Reactive Power Generator - Meier Energy","robots":{"index":"index","follow":"follow","max-snippet":"max-snippet:-1","max-image-preview":"max-image-preview:large","max-video-preview":"max-video-preview:-1"},"canonical":"https:\/\/www.meierenergy.com\/en\/product\/activsine-active-harmonic-filter-copie\/","og_locale":"en_US","og_type":"article","og_title":"VARSine\u00ae \u2013 Static Reactive Power Generator - Meier Energy","og_url":"https:\/\/www.meierenergy.com\/en\/product\/activsine-active-harmonic-filter-copie\/","og_site_name":"Meier Energy","article_publisher":"https:\/\/www.facebook.com\/Meierenergy","article_modified_time":"2024-11-01T22:24:16+00:00","og_image":[{"width":709,"height":1181,"url":"https:\/\/www.meierenergy.com\/wp-content\/uploads\/2024\/04\/Cover-SVGONE.jpg","type":"image\/jpeg"}],"twitter_card":"summary_large_image","twitter_site":"@meierenergy","twitter_misc":{"Est. reading time":"3 minutes"},"schema":{"@context":"https:\/\/schema.org","@graph":[{"@type":"WebPage","@id":"https:\/\/www.meierenergy.com\/en\/product\/activsine-active-harmonic-filter-copie\/","url":"https:\/\/www.meierenergy.com\/en\/product\/activsine-active-harmonic-filter-copie\/","name":"VARSine\u00ae \u2013 Static Reactive Power Generator - Meier Energy","isPartOf":{"@id":"https:\/\/www.meierenergy.com\/en\/#website"},"primaryImageOfPage":{"@id":"https:\/\/www.meierenergy.com\/en\/product\/activsine-active-harmonic-filter-copie\/#primaryimage"},"image":{"@id":"https:\/\/www.meierenergy.com\/en\/product\/activsine-active-harmonic-filter-copie\/#primaryimage"},"thumbnailUrl":"https:\/\/www.meierenergy.com\/wp-content\/uploads\/2024\/04\/Cover-SVGONE.jpg","datePublished":"2024-04-13T18:50:10+00:00","dateModified":"2024-11-01T22:24:16+00:00","breadcrumb":{"@id":"https:\/\/www.meierenergy.com\/en\/product\/activsine-active-harmonic-filter-copie\/#breadcrumb"},"inLanguage":"en-US","potentialAction":[{"@type":"ReadAction","target":["https:\/\/www.meierenergy.com\/en\/product\/activsine-active-harmonic-filter-copie\/"]}]},{"@type":"ImageObject","inLanguage":"en-US","@id":"https:\/\/www.meierenergy.com\/en\/product\/activsine-active-harmonic-filter-copie\/#primaryimage","url":"https:\/\/www.meierenergy.com\/wp-content\/uploads\/2024\/04\/Cover-SVGONE.jpg","contentUrl":"https:\/\/www.meierenergy.com\/wp-content\/uploads\/2024\/04\/Cover-SVGONE.jpg","width":709,"height":1181,"caption":"g\u00e9n\u00e9rateur statique \u00e9nergie r\u00e9active VARSine Meier Energy"},{"@type":"BreadcrumbList","@id":"https:\/\/www.meierenergy.com\/en\/product\/activsine-active-harmonic-filter-copie\/#breadcrumb","itemListElement":[{"@type":"ListItem","position":1,"name":"Accueil","item":"https:\/\/www.meierenergy.com\/en\/"},{"@type":"ListItem","position":2,"name":"Products","item":"https:\/\/www.meierenergy.com\/en\/shop\/"},{"@type":"ListItem","position":3,"name":"VARSine\u00ae \u2013 Static Reactive Power Generator"}]},{"@type":"WebSite","@id":"https:\/\/www.meierenergy.com\/en\/#website","url":"https:\/\/www.meierenergy.com\/en\/","name":"Meier Energy","description":"The Future is Electric","publisher":{"@id":"https:\/\/www.meierenergy.com\/en\/#organization"},"potentialAction":[{"@type":"SearchAction","target":{"@type":"EntryPoint","urlTemplate":"https:\/\/www.meierenergy.com\/en\/?s={search_term_string}"},"query-input":{"@type":"PropertyValueSpecification","valueRequired":true,"valueName":"search_term_string"}}],"inLanguage":"en-US"},{"@type":"Organization","@id":"https:\/\/www.meierenergy.com\/en\/#organization","name":"Meier Energy","url":"https:\/\/www.meierenergy.com\/en\/","logo":{"@type":"ImageObject","inLanguage":"en-US","@id":"https:\/\/www.meierenergy.com\/en\/#\/schema\/logo\/image\/","url":"https:\/\/www.meierenergy.com\/wp-content\/uploads\/2024\/11\/Logo_Meier-v2.webp","contentUrl":"https:\/\/www.meierenergy.com\/wp-content\/uploads\/2024\/11\/Logo_Meier-v2.webp","width":328,"height":80,"caption":"Meier Energy"},"image":{"@id":"https:\/\/www.meierenergy.com\/en\/#\/schema\/logo\/image\/"},"sameAs":["https:\/\/www.facebook.com\/Meierenergy","https:\/\/x.com\/meierenergy","https:\/\/www.linkedin.com\/company\/meier-energy","https:\/\/www.youtube.com\/channel\/UCQw1lPOmgfBE_nrs3sc--VA","https:\/\/www.tiktok.com\/@meierenergy?lang=fr","https:\/\/www.instagram.com\/meierenergy\/"]}]}},"_links":{"self":[{"href":"https:\/\/www.meierenergy.com\/en\/wp-json\/wp\/v2\/product\/1625","targetHints":{"allow":["GET"]}}],"collection":[{"href":"https:\/\/www.meierenergy.com\/en\/wp-json\/wp\/v2\/product"}],"about":[{"href":"https:\/\/www.meierenergy.com\/en\/wp-json\/wp\/v2\/types\/product"}],"wp:featuredmedia":[{"embeddable":true,"href":"https:\/\/www.meierenergy.com\/en\/wp-json\/wp\/v2\/media\/4408"}],"wp:attachment":[{"href":"https:\/\/www.meierenergy.com\/en\/wp-json\/wp\/v2\/media?parent=1625"}],"wp:term":[{"taxonomy":"product_brand","embeddable":true,"href":"https:\/\/www.meierenergy.com\/en\/wp-json\/wp\/v2\/product_brand?post=1625"},{"taxonomy":"product_cat","embeddable":true,"href":"https:\/\/www.meierenergy.com\/en\/wp-json\/wp\/v2\/product_cat?post=1625"},{"taxonomy":"product_tag","embeddable":true,"href":"https:\/\/www.meierenergy.com\/en\/wp-json\/wp\/v2\/product_tag?post=1625"}],"curies":[{"name":"wp","href":"https:\/\/api.w.org\/{rel}","templated":true}]}}